{"id":580,"date":"2025-10-23T13:55:36","date_gmt":"2025-10-23T11:55:36","guid":{"rendered":"http:\/\/192.168.0.68\/?page_id=580"},"modified":"2026-01-12T11:34:08","modified_gmt":"2026-01-12T11:34:08","slug":"gestion-ofimatica-2","status":"publish","type":"page","link":"https:\/\/comerciolocal.huetortajar.org\/index.php\/comercios\/gestion-ofimatica-2","title":{"rendered":"Gesti\u00f3n Ofim\u00e1tica"},"content":{"rendered":"\n<main class=\"wp-block-group\" style=\"margin-top:var(--wp--preset--spacing--50);padding-top:var(--wp--preset--spacing--superbspacing-small);padding-right:var(--wp--preset--spacing--superbspacing-small);padding-bottom:var(--wp--preset--spacing--superbspacing-small);padding-left:var(--wp--preset--spacing--superbspacing-small)\"><div class=\"wp-block-group__inner-container is-layout-constrained wp-container-core-group-is-layout-b8ee2d0e wp-block-group-is-layout-constrained\">\n<div class=\"wp-block-group\"><div class=\"wp-block-group__inner-container is-layout-constrained wp-container-core-group-is-layout-bea02a06 wp-block-group-is-layout-constrained\">\n<p style=\"font-size:24px\"><a href=\"https:\/\/comerciolocal.huetortajar.org\/\" data-type=\"page\" data-id=\"1150\">&lt; Inicio<\/a><\/p>\n\n\n\n<div class=\"wp-block-columns is-layout-flex wp-container-core-columns-is-layout-28f84493 wp-block-columns-is-layout-flex\">\n<div class=\"wp-block-column is-layout-flow wp-block-column-is-layout-flow\">\n<div class=\"wp-block-columns is-layout-flex wp-container-core-columns-is-layout-28f84493 wp-block-columns-is-layout-flex\">\n<div class=\"wp-block-column is-layout-flow wp-block-column-is-layout-flow\"><div class=\"wp-block-image\">\n<figure class=\"aligncenter size-large is-resized\"><img loading=\"lazy\" decoding=\"async\" width=\"1024\" height=\"1024\" src=\"https:\/\/comerciolocal.huetortajar.org\/wp-content\/uploads\/2025\/11\/GESTION-OFIMATICA-1024x1024.png\" alt=\"\" class=\"wp-image-1117\" style=\"width:336px;height:auto\" srcset=\"https:\/\/comerciolocal.huetortajar.org\/wp-content\/uploads\/2025\/11\/GESTION-OFIMATICA-1024x1024.png 1024w, https:\/\/comerciolocal.huetortajar.org\/wp-content\/uploads\/2025\/11\/GESTION-OFIMATICA-300x300.png 300w, https:\/\/comerciolocal.huetortajar.org\/wp-content\/uploads\/2025\/11\/GESTION-OFIMATICA-150x150.png 150w, https:\/\/comerciolocal.huetortajar.org\/wp-content\/uploads\/2025\/11\/GESTION-OFIMATICA-768x768.png 768w, https:\/\/comerciolocal.huetortajar.org\/wp-content\/uploads\/2025\/11\/GESTION-OFIMATICA-600x600.png 600w, https:\/\/comerciolocal.huetortajar.org\/wp-content\/uploads\/2025\/11\/GESTION-OFIMATICA-125x125.png 125w, https:\/\/comerciolocal.huetortajar.org\/wp-content\/uploads\/2025\/11\/GESTION-OFIMATICA.png 1080w\" sizes=\"auto, (max-width: 1024px) 100vw, 1024px\" \/><\/figure><\/div><\/div>\n\n\n\n<div class=\"wp-block-column is-vertically-aligned-center is-layout-flow wp-block-column-is-layout-flow\">\n<p>Direcci\u00f3n: C. Escuelas, 52, S\u00f3tano, 18360 Hu\u00e9tor T\u00e1jar<\/p>\n\n\n\n<p>Tlf: +34 656 89 39 59<\/p>\n<\/div>\n<\/div>\n<\/div>\n<\/div>\n\n\n\n<div class=\"wp-block-columns is-layout-flex wp-container-core-columns-is-layout-28f84493 wp-block-columns-is-layout-flex\">\n<div class=\"wp-block-column is-layout-flow wp-block-column-is-layout-flow\">\n<ul class=\"wp-block-social-links has-visible-labels is-horizontal is-content-justification-center is-layout-flex wp-container-core-social-links-is-layout-03627597 wp-block-social-links-is-layout-flex\">\n\n\n\n\n\n\n\n<\/ul>\n\n\n\n<iframe src=\"https:\/\/www.google.com\/maps\/embed?pb=!1m18!1m12!1m3!1d3178.0404758043837!2d-4.054655923575943!3d37.199268045101725!2m3!1f0!2f0!3f0!3m2!1i1024!2i768!4f13.1!3m3!1m2!1s0xd720ac3ae7b2515%3A0x441eff6b7feef3ac!2zR2VzdGnDs24gT2ZpbcOhdGljYQ!5e0!3m2!1ses!2ses!4v1761220524468!5m2!1ses!2ses\" width=\"800\" height=\"600\" style=\"border:0;\" allowfullscreen=\"\" loading=\"lazy\" referrerpolicy=\"no-referrer-when-downgrade\"><\/iframe>\n<\/div>\n<\/div>\n\n\n\n<div class=\"wp-block-columns is-not-stacked-on-mobile is-layout-flex wp-container-core-columns-is-layout-28f84493 wp-block-columns-is-layout-flex\">\n<div class=\"wp-block-column is-layout-flow wp-block-column-is-layout-flow\" style=\"flex-basis:100%\">\n<div class=\"wp-block-columns is-layout-flex wp-container-core-columns-is-layout-28f84493 wp-block-columns-is-layout-flex\">\n<div class=\"wp-block-column is-layout-flow wp-block-column-is-layout-flow\">\n<figure class=\"wp-block-video\"><\/figure>\n<\/div>\n<\/div>\n<\/div>\n<\/div>\n<\/div><\/div>\n<\/div><\/main>\n","protected":false},"excerpt":{"rendered":"<p>&lt; Inicio Direcci\u00f3n: C. Escuelas, 52, S\u00f3tano, 18360 Hu\u00e9tor T\u00e1jar Tlf: +34 656 89 39 59<\/p>\n","protected":false},"author":2,"featured_media":1117,"parent":1299,"menu_order":0,"comment_status":"closed","ping_status":"closed","template":"blank","meta":{"_acf_changed":false,"footnotes":""},"categories":[12],"tags":[],"class_list":["post-580","page","type-page","status-publish","has-post-thumbnail","hentry","category-papeleria-informatica"],"acf":[],"_links":{"self":[{"href":"https:\/\/comerciolocal.huetortajar.org\/index.php\/wp-json\/wp\/v2\/pages\/580","targetHints":{"allow":["GET"]}}],"collection":[{"href":"https:\/\/comerciolocal.huetortajar.org\/index.php\/wp-json\/wp\/v2\/pages"}],"about":[{"href":"https:\/\/comerciolocal.huetortajar.org\/index.php\/wp-json\/wp\/v2\/types\/page"}],"author":[{"embeddable":true,"href":"https:\/\/comerciolocal.huetortajar.org\/index.php\/wp-json\/wp\/v2\/users\/2"}],"replies":[{"embeddable":true,"href":"https:\/\/comerciolocal.huetortajar.org\/index.php\/wp-json\/wp\/v2\/comments?post=580"}],"version-history":[{"count":4,"href":"https:\/\/comerciolocal.huetortajar.org\/index.php\/wp-json\/wp\/v2\/pages\/580\/revisions"}],"predecessor-version":[{"id":2375,"href":"https:\/\/comerciolocal.huetortajar.org\/index.php\/wp-json\/wp\/v2\/pages\/580\/revisions\/2375"}],"up":[{"embeddable":true,"href":"https:\/\/comerciolocal.huetortajar.org\/index.php\/wp-json\/wp\/v2\/pages\/1299"}],"wp:featuredmedia":[{"embeddable":true,"href":"https:\/\/comerciolocal.huetortajar.org\/index.php\/wp-json\/wp\/v2\/media\/1117"}],"wp:attachment":[{"href":"https:\/\/comerciolocal.huetortajar.org\/index.php\/wp-json\/wp\/v2\/media?parent=580"}],"wp:term":[{"taxonomy":"category","embeddable":true,"href":"https:\/\/comerciolocal.huetortajar.org\/index.php\/wp-json\/wp\/v2\/categories?post=580"},{"taxonomy":"post_tag","embeddable":true,"href":"https:\/\/comerciolocal.huetortajar.org\/index.php\/wp-json\/wp\/v2\/tags?post=580"}],"curies":[{"name":"wp","href":"https:\/\/api.w.org\/{rel}","templated":true}]}}