{"id":568,"date":"2025-10-23T13:46:51","date_gmt":"2025-10-23T11:46:51","guid":{"rendered":"http:\/\/192.168.0.68\/?page_id=568"},"modified":"2026-01-21T11:08:12","modified_gmt":"2026-01-21T11:08:12","slug":"la-ganga","status":"publish","type":"page","link":"https:\/\/comerciolocal.huetortajar.org\/index.php\/comercios\/la-ganga","title":{"rendered":"La Ganga"},"content":{"rendered":"\n<main class=\"wp-block-group\" style=\"margin-top:var(--wp--preset--spacing--50);padding-top:var(--wp--preset--spacing--superbspacing-small);padding-right:var(--wp--preset--spacing--superbspacing-small);padding-bottom:var(--wp--preset--spacing--superbspacing-small);padding-left:var(--wp--preset--spacing--superbspacing-small)\"><div class=\"wp-block-group__inner-container is-layout-constrained wp-container-core-group-is-layout-b8ee2d0e wp-block-group-is-layout-constrained\">\n<div class=\"wp-block-group\"><div class=\"wp-block-group__inner-container is-layout-constrained wp-container-core-group-is-layout-bea02a06 wp-block-group-is-layout-constrained\">\n<p style=\"font-size:24px\"><a href=\"https:\/\/comerciolocal.huetortajar.org\/\" data-type=\"page\" data-id=\"1150\">&lt; Inicio<\/a><\/p>\n\n\n\n<div class=\"wp-block-columns is-layout-flex wp-container-core-columns-is-layout-28f84493 wp-block-columns-is-layout-flex\">\n<div class=\"wp-block-column is-layout-flow wp-block-column-is-layout-flow\">\n<div class=\"wp-block-columns is-layout-flex wp-container-core-columns-is-layout-28f84493 wp-block-columns-is-layout-flex\">\n<div class=\"wp-block-column is-vertically-aligned-center is-layout-flow wp-block-column-is-layout-flow\"><div class=\"wp-block-image\">\n<figure class=\"aligncenter size-full is-resized\"><img loading=\"lazy\" decoding=\"async\" width=\"895\" height=\"829\" src=\"https:\/\/comerciolocal.huetortajar.org\/wp-content\/uploads\/2025\/12\/La-ganga-e1765441182196.jpg\" alt=\"\" class=\"wp-image-2001\" style=\"width:331px;height:auto\" srcset=\"https:\/\/comerciolocal.huetortajar.org\/wp-content\/uploads\/2025\/12\/La-ganga-e1765441182196.jpg 895w, https:\/\/comerciolocal.huetortajar.org\/wp-content\/uploads\/2025\/12\/La-ganga-e1765441182196-300x278.jpg 300w, https:\/\/comerciolocal.huetortajar.org\/wp-content\/uploads\/2025\/12\/La-ganga-e1765441182196-768x711.jpg 768w\" sizes=\"auto, (max-width: 895px) 100vw, 895px\" \/><\/figure><\/div><\/div>\n\n\n\n<div class=\"wp-block-column is-vertically-aligned-center is-layout-flow wp-block-column-is-layout-flow\">\n<p>Direcci\u00f3n: Ctra. Estaci\u00f3n, 18360 Hu\u00e9tor T\u00e1jar<\/p>\n\n\n\n<p>Tlf: +34 658 42 12 00<\/p>\n<\/div>\n<\/div>\n<\/div>\n<\/div>\n\n\n\n<div class=\"wp-block-columns is-layout-flex wp-container-core-columns-is-layout-28f84493 wp-block-columns-is-layout-flex\">\n<div class=\"wp-block-column is-layout-flow wp-block-column-is-layout-flow\">\n<ul class=\"wp-block-social-links has-visible-labels is-horizontal is-content-justification-center is-layout-flex wp-container-core-social-links-is-layout-03627597 wp-block-social-links-is-layout-flex\">\n\n\n\n<li class=\"wp-social-link wp-social-link-facebook  wp-block-social-link\"><a rel=\"noopener nofollow\" target=\"_blank\" href=\"https:\/\/www.facebook.com\/alberganga\/?locale=es_ES\" class=\"wp-block-social-link-anchor\"><svg width=\"24\" height=\"24\" viewBox=\"0 0 24 24\" version=\"1.1\" xmlns=\"http:\/\/www.w3.org\/2000\/svg\" aria-hidden=\"true\" focusable=\"false\"><path d=\"M12 2C6.5 2 2 6.5 2 12c0 5 3.7 9.1 8.4 9.9v-7H7.9V12h2.5V9.8c0-2.5 1.5-3.9 3.8-3.9 1.1 0 2.2.2 2.2.2v2.5h-1.3c-1.2 0-1.6.8-1.6 1.6V12h2.8l-.4 2.9h-2.3v7C18.3 21.1 22 17 22 12c0-5.5-4.5-10-10-10z\"><\/path><\/svg><span class=\"wp-block-social-link-label\">Facebook<\/span><\/a><\/li>\n\n\n\n<\/ul>\n\n\n\n<iframe src=\"https:\/\/www.google.com\/maps\/embed?pb=!1m18!1m12!1m3!1d198.62697389806277!2d-4.055056134741978!3d37.199479285906655!2m3!1f0!2f0!3f0!3m2!1i1024!2i768!4f13.1!3m3!1m2!1s0xd720be6b23d7221%3A0x57bd2b75a3dbc4e!2sLA%20GANGA%202%20MANO%20TRANSPORTES%20Y%20MUDANZAS!5e0!3m2!1ses!2ses!4v1761219970039!5m2!1ses!2ses\" width=\"800\" height=\"600\" style=\"border:0;\" allowfullscreen=\"\" loading=\"lazy\" referrerpolicy=\"no-referrer-when-downgrade\"><\/iframe>\n<\/div>\n<\/div>\n\n\n\n<div class=\"wp-block-columns is-not-stacked-on-mobile is-layout-flex wp-container-core-columns-is-layout-28f84493 wp-block-columns-is-layout-flex\">\n<div class=\"wp-block-column is-layout-flow wp-block-column-is-layout-flow\" style=\"flex-basis:100%\">\n<div class=\"wp-block-columns is-layout-flex wp-container-core-columns-is-layout-28f84493 wp-block-columns-is-layout-flex\">\n<div class=\"wp-block-column is-layout-flow wp-block-column-is-layout-flow\">\n<figure class=\"wp-block-video\"><\/figure>\n<\/div>\n<\/div>\n<\/div>\n<\/div>\n<\/div><\/div>\n<\/div><\/main>\n","protected":false},"excerpt":{"rendered":"<p>&lt; Inicio Direcci\u00f3n: Ctra. Estaci\u00f3n, 18360 Hu\u00e9tor T\u00e1jar Tlf: +34 658 42 12 00<\/p>\n","protected":false},"author":2,"featured_media":2004,"parent":1299,"menu_order":0,"comment_status":"closed","ping_status":"closed","template":"","meta":{"_acf_changed":false,"footnotes":""},"categories":[4,9],"tags":[],"class_list":["post-568","page","type-page","status-publish","has-post-thumbnail","hentry","category-hogar","category-suministros"],"acf":[],"_links":{"self":[{"href":"https:\/\/comerciolocal.huetortajar.org\/index.php\/wp-json\/wp\/v2\/pages\/568","targetHints":{"allow":["GET"]}}],"collection":[{"href":"https:\/\/comerciolocal.huetortajar.org\/index.php\/wp-json\/wp\/v2\/pages"}],"about":[{"href":"https:\/\/comerciolocal.huetortajar.org\/index.php\/wp-json\/wp\/v2\/types\/page"}],"author":[{"embeddable":true,"href":"https:\/\/comerciolocal.huetortajar.org\/index.php\/wp-json\/wp\/v2\/users\/2"}],"replies":[{"embeddable":true,"href":"https:\/\/comerciolocal.huetortajar.org\/index.php\/wp-json\/wp\/v2\/comments?post=568"}],"version-history":[{"count":5,"href":"https:\/\/comerciolocal.huetortajar.org\/index.php\/wp-json\/wp\/v2\/pages\/568\/revisions"}],"predecessor-version":[{"id":2387,"href":"https:\/\/comerciolocal.huetortajar.org\/index.php\/wp-json\/wp\/v2\/pages\/568\/revisions\/2387"}],"up":[{"embeddable":true,"href":"https:\/\/comerciolocal.huetortajar.org\/index.php\/wp-json\/wp\/v2\/pages\/1299"}],"wp:featuredmedia":[{"embeddable":true,"href":"https:\/\/comerciolocal.huetortajar.org\/index.php\/wp-json\/wp\/v2\/media\/2004"}],"wp:attachment":[{"href":"https:\/\/comerciolocal.huetortajar.org\/index.php\/wp-json\/wp\/v2\/media?parent=568"}],"wp:term":[{"taxonomy":"category","embeddable":true,"href":"https:\/\/comerciolocal.huetortajar.org\/index.php\/wp-json\/wp\/v2\/categories?post=568"},{"taxonomy":"post_tag","embeddable":true,"href":"https:\/\/comerciolocal.huetortajar.org\/index.php\/wp-json\/wp\/v2\/tags?post=568"}],"curies":[{"name":"wp","href":"https:\/\/api.w.org\/{rel}","templated":true}]}}