{"id":462,"date":"2025-10-23T12:03:51","date_gmt":"2025-10-23T10:03:51","guid":{"rendered":"http:\/\/192.168.0.68\/?page_id=462"},"modified":"2026-01-12T11:49:12","modified_gmt":"2026-01-12T11:49:12","slug":"samephone","status":"publish","type":"page","link":"https:\/\/comerciolocal.huetortajar.org\/index.php\/comercios\/samephone","title":{"rendered":"SamePhone"},"content":{"rendered":"\n<main class=\"wp-block-group\" style=\"margin-top:var(--wp--preset--spacing--50);padding-top:var(--wp--preset--spacing--superbspacing-small);padding-right:var(--wp--preset--spacing--superbspacing-small);padding-bottom:var(--wp--preset--spacing--superbspacing-small);padding-left:var(--wp--preset--spacing--superbspacing-small)\"><div class=\"wp-block-group__inner-container is-layout-constrained wp-container-core-group-is-layout-b8ee2d0e wp-block-group-is-layout-constrained\">\n<div class=\"wp-block-group\"><div class=\"wp-block-group__inner-container is-layout-constrained wp-container-core-group-is-layout-bea02a06 wp-block-group-is-layout-constrained\">\n<p style=\"font-size:24px\"><a href=\"https:\/\/comerciolocal.huetortajar.org\/\" data-type=\"page\" data-id=\"1150\">&lt; Inicio<\/a><\/p>\n\n\n\n<div class=\"wp-block-columns is-layout-flex wp-container-core-columns-is-layout-28f84493 wp-block-columns-is-layout-flex\">\n<div class=\"wp-block-column is-layout-flow wp-block-column-is-layout-flow\">\n<div class=\"wp-block-columns is-layout-flex wp-container-core-columns-is-layout-28f84493 wp-block-columns-is-layout-flex\">\n<div class=\"wp-block-column is-layout-flow wp-block-column-is-layout-flow\"><div class=\"wp-block-image\">\n<figure class=\"aligncenter size-full\"><img loading=\"lazy\" decoding=\"async\" width=\"2560\" height=\"1821\" src=\"https:\/\/comerciolocal.huetortajar.org\/wp-content\/uploads\/2026\/01\/samephone-scaled.jpg\" alt=\"\" class=\"wp-image-2246\" srcset=\"https:\/\/comerciolocal.huetortajar.org\/wp-content\/uploads\/2026\/01\/samephone-scaled.jpg 2560w, https:\/\/comerciolocal.huetortajar.org\/wp-content\/uploads\/2026\/01\/samephone-300x213.jpg 300w, https:\/\/comerciolocal.huetortajar.org\/wp-content\/uploads\/2026\/01\/samephone-1024x728.jpg 1024w, https:\/\/comerciolocal.huetortajar.org\/wp-content\/uploads\/2026\/01\/samephone-768x546.jpg 768w, https:\/\/comerciolocal.huetortajar.org\/wp-content\/uploads\/2026\/01\/samephone-1536x1092.jpg 1536w, https:\/\/comerciolocal.huetortajar.org\/wp-content\/uploads\/2026\/01\/samephone-2048x1457.jpg 2048w\" sizes=\"auto, (max-width: 2560px) 100vw, 2560px\" \/><\/figure><\/div><\/div>\n\n\n\n<div class=\"wp-block-column is-vertically-aligned-center is-layout-flow wp-block-column-is-layout-flow\">\n<p>Direcci\u00f3n: C\/ Ram\u00f3n y Cajal, 26, 18360 Hu\u00e9tor T\u00e1jar<\/p>\n\n\n\n<p>Tlf: +34 631 39 43 64<\/p>\n<\/div>\n<\/div>\n<\/div>\n<\/div>\n\n\n\n<div class=\"wp-block-columns is-layout-flex wp-container-core-columns-is-layout-28f84493 wp-block-columns-is-layout-flex\">\n<div class=\"wp-block-column is-layout-flow wp-block-column-is-layout-flow\">\n<ul class=\"wp-block-social-links has-visible-labels is-horizontal is-content-justification-center is-layout-flex wp-container-core-social-links-is-layout-03627597 wp-block-social-links-is-layout-flex\">\n\n\n\n<li class=\"wp-social-link wp-social-link-facebook  wp-block-social-link\"><a rel=\"noopener nofollow\" target=\"_blank\" href=\"https:\/\/www.facebook.com\/people\/SamePhone\/100075973595941\/\" class=\"wp-block-social-link-anchor\"><svg width=\"24\" height=\"24\" viewBox=\"0 0 24 24\" version=\"1.1\" xmlns=\"http:\/\/www.w3.org\/2000\/svg\" aria-hidden=\"true\" focusable=\"false\"><path d=\"M12 2C6.5 2 2 6.5 2 12c0 5 3.7 9.1 8.4 9.9v-7H7.9V12h2.5V9.8c0-2.5 1.5-3.9 3.8-3.9 1.1 0 2.2.2 2.2.2v2.5h-1.3c-1.2 0-1.6.8-1.6 1.6V12h2.8l-.4 2.9h-2.3v7C18.3 21.1 22 17 22 12c0-5.5-4.5-10-10-10z\"><\/path><\/svg><span class=\"wp-block-social-link-label\">Facebook<\/span><\/a><\/li>\n\n\n\n<\/ul>\n\n\n\n<iframe src=\"https:\/\/www.google.com\/maps\/embed?pb=!1m18!1m12!1m3!1d3178.131365030775!2d-4.046913623582156!3d37.19710914522456!2m3!1f0!2f0!3f0!3m2!1i1024!2i768!4f13.1!3m3!1m2!1s0xd720ae8b18910bb%3A0xde26f682fde0c5df!2sC.%20Ram%C3%B3n%20y%20Cajal%2C%2026%2C%2018360%20Hu%C3%A9tor%20T%C3%A1jar%2C%20Granada!5e0!3m2!1ses!2ses!4v1761214210130!5m2!1ses!2ses\" width=\"100%\" height=\"450\" style=\"border:0;\" allowfullscreen=\"\" loading=\"lazy\" referrerpolicy=\"no-referrer-when-downgrade\"><\/iframe>\n<\/div>\n<\/div>\n\n\n\n<div class=\"wp-block-columns is-not-stacked-on-mobile is-layout-flex wp-container-core-columns-is-layout-28f84493 wp-block-columns-is-layout-flex\">\n<div class=\"wp-block-column is-layout-flow wp-block-column-is-layout-flow\" style=\"flex-basis:100%\">\n<div class=\"wp-block-columns is-layout-flex wp-container-core-columns-is-layout-28f84493 wp-block-columns-is-layout-flex\">\n<div class=\"wp-block-column is-layout-flow wp-block-column-is-layout-flow\">\n<figure class=\"wp-block-video\"><\/figure>\n<\/div>\n<\/div>\n<\/div>\n<\/div>\n<\/div><\/div>\n<\/div><\/main>\n","protected":false},"excerpt":{"rendered":"<p>&lt; Inicio Direcci\u00f3n: C\/ Ram\u00f3n y Cajal, 26, 18360 Hu\u00e9tor T\u00e1jar Tlf: +34 631 39 43 64<\/p>\n","protected":false},"author":2,"featured_media":2246,"parent":1299,"menu_order":0,"comment_status":"closed","ping_status":"closed","template":"blank","meta":{"_acf_changed":false,"footnotes":""},"categories":[12],"tags":[],"class_list":["post-462","page","type-page","status-publish","has-post-thumbnail","hentry","category-papeleria-informatica"],"acf":[],"_links":{"self":[{"href":"https:\/\/comerciolocal.huetortajar.org\/index.php\/wp-json\/wp\/v2\/pages\/462","targetHints":{"allow":["GET"]}}],"collection":[{"href":"https:\/\/comerciolocal.huetortajar.org\/index.php\/wp-json\/wp\/v2\/pages"}],"about":[{"href":"https:\/\/comerciolocal.huetortajar.org\/index.php\/wp-json\/wp\/v2\/types\/page"}],"author":[{"embeddable":true,"href":"https:\/\/comerciolocal.huetortajar.org\/index.php\/wp-json\/wp\/v2\/users\/2"}],"replies":[{"embeddable":true,"href":"https:\/\/comerciolocal.huetortajar.org\/index.php\/wp-json\/wp\/v2\/comments?post=462"}],"version-history":[{"count":5,"href":"https:\/\/comerciolocal.huetortajar.org\/index.php\/wp-json\/wp\/v2\/pages\/462\/revisions"}],"predecessor-version":[{"id":2428,"href":"https:\/\/comerciolocal.huetortajar.org\/index.php\/wp-json\/wp\/v2\/pages\/462\/revisions\/2428"}],"up":[{"embeddable":true,"href":"https:\/\/comerciolocal.huetortajar.org\/index.php\/wp-json\/wp\/v2\/pages\/1299"}],"wp:featuredmedia":[{"embeddable":true,"href":"https:\/\/comerciolocal.huetortajar.org\/index.php\/wp-json\/wp\/v2\/media\/2246"}],"wp:attachment":[{"href":"https:\/\/comerciolocal.huetortajar.org\/index.php\/wp-json\/wp\/v2\/media?parent=462"}],"wp:term":[{"taxonomy":"category","embeddable":true,"href":"https:\/\/comerciolocal.huetortajar.org\/index.php\/wp-json\/wp\/v2\/categories?post=462"},{"taxonomy":"post_tag","embeddable":true,"href":"https:\/\/comerciolocal.huetortajar.org\/index.php\/wp-json\/wp\/v2\/tags?post=462"}],"curies":[{"name":"wp","href":"https:\/\/api.w.org\/{rel}","templated":true}]}}