{"id":434,"date":"2025-10-23T10:31:19","date_gmt":"2025-10-23T08:31:19","guid":{"rendered":"http:\/\/192.168.0.68\/?page_id=434"},"modified":"2026-01-12T11:26:56","modified_gmt":"2026-01-12T11:26:56","slug":"easy-computers","status":"publish","type":"page","link":"https:\/\/comerciolocal.huetortajar.org\/index.php\/comercios\/easy-computers","title":{"rendered":"Easy Computers"},"content":{"rendered":"\n<main class=\"wp-block-group\" style=\"margin-top:var(--wp--preset--spacing--50);padding-top:var(--wp--preset--spacing--superbspacing-small);padding-right:var(--wp--preset--spacing--superbspacing-small);padding-bottom:var(--wp--preset--spacing--superbspacing-small);padding-left:var(--wp--preset--spacing--superbspacing-small)\"><div class=\"wp-block-group__inner-container is-layout-constrained wp-container-core-group-is-layout-b8ee2d0e wp-block-group-is-layout-constrained\">\n<div class=\"wp-block-group\"><div class=\"wp-block-group__inner-container is-layout-constrained wp-container-core-group-is-layout-bea02a06 wp-block-group-is-layout-constrained\">\n<p style=\"font-size:24px\"><a href=\"https:\/\/comerciolocal.huetortajar.org\/\" data-type=\"page\" data-id=\"1150\">&lt; Inicio<\/a><\/p>\n\n\n\n<div class=\"wp-block-columns is-layout-flex wp-container-core-columns-is-layout-28f84493 wp-block-columns-is-layout-flex\">\n<div class=\"wp-block-column is-layout-flow wp-block-column-is-layout-flow\">\n<div class=\"wp-block-columns is-layout-flex wp-container-core-columns-is-layout-28f84493 wp-block-columns-is-layout-flex\">\n<div class=\"wp-block-column is-layout-flow wp-block-column-is-layout-flow\">\n<figure class=\"wp-block-image size-full\"><img loading=\"lazy\" decoding=\"async\" width=\"700\" height=\"525\" src=\"https:\/\/comerciolocal.huetortajar.org\/wp-content\/uploads\/2025\/11\/Imagen1-1.png\" alt=\"\" class=\"wp-image-1103\" srcset=\"https:\/\/comerciolocal.huetortajar.org\/wp-content\/uploads\/2025\/11\/Imagen1-1.png 700w, https:\/\/comerciolocal.huetortajar.org\/wp-content\/uploads\/2025\/11\/Imagen1-1-300x225.png 300w\" sizes=\"auto, (max-width: 700px) 100vw, 700px\" \/><\/figure>\n<\/div>\n\n\n\n<div class=\"wp-block-column is-vertically-aligned-center is-layout-flow wp-block-column-is-layout-flow\">\n<p>Direcci\u00f3n: C. Eras Bajas, 22, 18360 Hu\u00e9tor T\u00e1jar<\/p>\n\n\n\n<p>Tlf: +34 958 33 40 40<\/p>\n<\/div>\n<\/div>\n<\/div>\n<\/div>\n\n\n\n<div class=\"wp-block-columns is-layout-flex wp-container-core-columns-is-layout-28f84493 wp-block-columns-is-layout-flex\">\n<div class=\"wp-block-column is-layout-flow wp-block-column-is-layout-flow\">\n<ul class=\"wp-block-social-links has-visible-labels is-horizontal is-content-justification-center is-layout-flex wp-container-core-social-links-is-layout-03627597 wp-block-social-links-is-layout-flex\">\n\n\n\n\n\n\n\n<\/ul>\n\n\n\n<iframe src=\"https:\/\/www.google.com\/maps\/embed?pb=!1m18!1m12!1m3!1d794.5492392521787!2d-4.048864230346198!3d37.195551066551694!2m3!1f0!2f0!3f0!3m2!1i1024!2i768!4f13.1!3m3!1m2!1s0xd720ae7e5eb9fb3%3A0x7b689a1ed022110a!2sC.%20Eras%20Bajas%2C%2022%2C%2018360%20Hu%C3%A9tor%20T%C3%A1jar%2C%20Granada!5e0!3m2!1ses!2ses!4v1761208249811!5m2!1ses!2ses\" width=\"800\" height=\"600\" style=\"border:0;\" allowfullscreen=\"\" loading=\"lazy\" referrerpolicy=\"no-referrer-when-downgrade\"><\/iframe>\n<\/div>\n<\/div>\n\n\n\n<div class=\"wp-block-columns is-not-stacked-on-mobile is-layout-flex wp-container-core-columns-is-layout-28f84493 wp-block-columns-is-layout-flex\">\n<div class=\"wp-block-column is-layout-flow wp-block-column-is-layout-flow\" style=\"flex-basis:100%\">\n<div class=\"wp-block-columns is-layout-flex wp-container-core-columns-is-layout-28f84493 wp-block-columns-is-layout-flex\">\n<div class=\"wp-block-column is-layout-flow wp-block-column-is-layout-flow\">\n<figure class=\"wp-block-video\"><\/figure>\n<\/div>\n<\/div>\n<\/div>\n<\/div>\n<\/div><\/div>\n<\/div><\/main>\n","protected":false},"excerpt":{"rendered":"<p>&lt; Inicio Direcci\u00f3n: C. Eras Bajas, 22, 18360 Hu\u00e9tor T\u00e1jar Tlf: +34 958 33 40 40<\/p>\n","protected":false},"author":2,"featured_media":1103,"parent":1299,"menu_order":0,"comment_status":"closed","ping_status":"closed","template":"blank","meta":{"_acf_changed":false,"footnotes":""},"categories":[12],"tags":[],"class_list":["post-434","page","type-page","status-publish","has-post-thumbnail","hentry","category-papeleria-informatica"],"acf":[],"_links":{"self":[{"href":"https:\/\/comerciolocal.huetortajar.org\/index.php\/wp-json\/wp\/v2\/pages\/434","targetHints":{"allow":["GET"]}}],"collection":[{"href":"https:\/\/comerciolocal.huetortajar.org\/index.php\/wp-json\/wp\/v2\/pages"}],"about":[{"href":"https:\/\/comerciolocal.huetortajar.org\/index.php\/wp-json\/wp\/v2\/types\/page"}],"author":[{"embeddable":true,"href":"https:\/\/comerciolocal.huetortajar.org\/index.php\/wp-json\/wp\/v2\/users\/2"}],"replies":[{"embeddable":true,"href":"https:\/\/comerciolocal.huetortajar.org\/index.php\/wp-json\/wp\/v2\/comments?post=434"}],"version-history":[{"count":4,"href":"https:\/\/comerciolocal.huetortajar.org\/index.php\/wp-json\/wp\/v2\/pages\/434\/revisions"}],"predecessor-version":[{"id":2348,"href":"https:\/\/comerciolocal.huetortajar.org\/index.php\/wp-json\/wp\/v2\/pages\/434\/revisions\/2348"}],"up":[{"embeddable":true,"href":"https:\/\/comerciolocal.huetortajar.org\/index.php\/wp-json\/wp\/v2\/pages\/1299"}],"wp:featuredmedia":[{"embeddable":true,"href":"https:\/\/comerciolocal.huetortajar.org\/index.php\/wp-json\/wp\/v2\/media\/1103"}],"wp:attachment":[{"href":"https:\/\/comerciolocal.huetortajar.org\/index.php\/wp-json\/wp\/v2\/media?parent=434"}],"wp:term":[{"taxonomy":"category","embeddable":true,"href":"https:\/\/comerciolocal.huetortajar.org\/index.php\/wp-json\/wp\/v2\/categories?post=434"},{"taxonomy":"post_tag","embeddable":true,"href":"https:\/\/comerciolocal.huetortajar.org\/index.php\/wp-json\/wp\/v2\/tags?post=434"}],"curies":[{"name":"wp","href":"https:\/\/api.w.org\/{rel}","templated":true}]}}